{"id":27,"date":"2019-02-20T11:34:14","date_gmt":"2019-02-20T11:34:14","guid":{"rendered":"http:\/\/elsapo.net\/?page_id=27"},"modified":"2019-02-20T11:53:01","modified_gmt":"2019-02-20T11:53:01","slug":"webdesign","status":"publish","type":"page","link":"https:\/\/elsapo.net\/?page_id=27","title":{"rendered":"Webdesign"},"content":{"rendered":"\n<p>Webdesign wird mit uns zum Kinderspiel &#8211; <br>wir bieten Ihnen angefangen vom  Layoutvorschlag, der Planung, Umsetzung und Ver\u00f6ffentlichung bis hin zur Anmeldung bei den Suchmaschinen die komplette Homepageerstellung aus einer Hand.<br><br>Die Jahresgeb\u00fchr einer Website bel\u00e4uft sich auf etwa 100 CHF.<br>Dies sind die reinen Hostingkosten (Ben\u00fctzung des Domainnamens<br>und des Webspaces). <br>Kleinere \u00c4nderungen sind nat\u00fcrlich in dem Preis enthalten.<br><br><\/p>\n","protected":false},"excerpt":{"rendered":"<p>Webdesign wird mit uns zum Kinderspiel &#8211; wir bieten Ihnen angefangen vom Layoutvorschlag, der Planung, Umsetzung und Ver\u00f6ffentlichung bis hin zur Anmeldung bei den Suchmaschinen die komplette Homepageerstellung aus einer Hand. Die Jahresgeb\u00fchr einer Website bel\u00e4uft sich auf etwa 100 CHF.Dies sind die reinen Hostingkosten (Ben\u00fctzung des Domainnamensund des Webspaces). Kleinere \u00c4nderungen sind nat\u00fcrlich in &hellip; <a href=\"https:\/\/elsapo.net\/?page_id=27\" class=\"more-link\"><span class=\"screen-reader-text\">Webdesign<\/span> weiterlesen <span class=\"meta-nav\">&rarr;<\/span><\/a><\/p>\n","protected":false},"author":1,"featured_media":0,"parent":0,"menu_order":0,"comment_status":"closed","ping_status":"closed","template":"","meta":{"footnotes":""},"class_list":["post-27","page","type-page","status-publish","hentry"],"_links":{"self":[{"href":"https:\/\/elsapo.net\/index.php?rest_route=\/wp\/v2\/pages\/27","targetHints":{"allow":["GET"]}}],"collection":[{"href":"https:\/\/elsapo.net\/index.php?rest_route=\/wp\/v2\/pages"}],"about":[{"href":"https:\/\/elsapo.net\/index.php?rest_route=\/wp\/v2\/types\/page"}],"author":[{"embeddable":true,"href":"https:\/\/elsapo.net\/index.php?rest_route=\/wp\/v2\/users\/1"}],"replies":[{"embeddable":true,"href":"https:\/\/elsapo.net\/index.php?rest_route=%2Fwp%2Fv2%2Fcomments&post=27"}],"version-history":[{"count":3,"href":"https:\/\/elsapo.net\/index.php?rest_route=\/wp\/v2\/pages\/27\/revisions"}],"predecessor-version":[{"id":43,"href":"https:\/\/elsapo.net\/index.php?rest_route=\/wp\/v2\/pages\/27\/revisions\/43"}],"wp:attachment":[{"href":"https:\/\/elsapo.net\/index.php?rest_route=%2Fwp%2Fv2%2Fmedia&parent=27"}],"curies":[{"name":"wp","href":"https:\/\/api.w.org\/{rel}","templated":true}]}}